{"id":1005889,"date":"2022-03-21T21:44:03","date_gmt":"2022-03-21T20:44:03","guid":{"rendered":"https:\/\/carl-humann.de\/?page_id=1005889"},"modified":"2024-10-04T13:54:45","modified_gmt":"2024-10-04T11:54:45","slug":"upper-school","status":"publish","type":"page","link":"https:\/\/carl-humann.de\/en\/upper-school\/","title":{"rendered":"Upper school"},"content":{"rendered":"\t\t<div data-elementor-type=\"wp-page\" data-elementor-id=\"1005889\" class=\"elementor elementor-1005889\" data-elementor-post-type=\"page\">\n\t\t\t\t\t\t<section class=\"elementor-section elementor-top-section elementor-element elementor-element-2dcc6ef elementor-section-height-min-height elementor-section-boxed elementor-section-height-default elementor-section-items-middle\" data-id=\"2dcc6ef\" data-element_type=\"section\" data-e-type=\"section\" data-settings=\"{&quot;background_background&quot;:&quot;classic&quot;}\">\n\t\t\t\t\t\t\t<div class=\"elementor-background-overlay\"><\/div>\n\t\t\t\t\t\t\t<div class=\"elementor-container elementor-column-gap-default\">\n\t\t\t\t\t<div class=\"elementor-column elementor-col-100 elementor-top-column elementor-element elementor-element-387a2b2\" data-id=\"387a2b2\" data-element_type=\"column\" data-e-type=\"column\" data-settings=\"{&quot;background_background&quot;:&quot;classic&quot;}\">\n\t\t\t<div class=\"elementor-widget-wrap\">\n\t\t\t\t\t\t\t<\/div>\n\t\t<\/div>\n\t\t\t\t\t<\/div>\n\t\t<\/section>\n\t\t\t\t<section class=\"elementor-section elementor-top-section elementor-element elementor-element-20d594f elementor-section-boxed elementor-section-height-default elementor-section-height-default\" data-id=\"20d594f\" data-element_type=\"section\" data-e-type=\"section\">\n\t\t\t\t\t\t<div class=\"elementor-container elementor-column-gap-no\">\n\t\t\t\t\t<div class=\"elementor-column elementor-col-50 elementor-top-column elementor-element elementor-element-8edd659 animated-fast elementor-invisible\" data-id=\"8edd659\" data-element_type=\"column\" data-e-type=\"column\" data-settings=\"{&quot;background_background&quot;:&quot;classic&quot;,&quot;animation&quot;:&quot;fadeIn&quot;,&quot;animation_tablet&quot;:&quot;none&quot;,&quot;animation_mobile&quot;:&quot;none&quot;,&quot;animation_delay&quot;:100}\">\n\t\t\t<div class=\"elementor-widget-wrap elementor-element-populated\">\n\t\t\t\t\t\t\t<\/div>\n\t\t<\/div>\n\t\t\t\t<div class=\"elementor-column elementor-col-50 elementor-top-column elementor-element elementor-element-0cff86a elementor-hidden-desktop elementor-hidden-tablet elementor-hidden-phone\" data-id=\"0cff86a\" data-element_type=\"column\" data-e-type=\"column\">\n\t\t\t<div class=\"elementor-widget-wrap\">\n\t\t\t\t\t\t\t<\/div>\n\t\t<\/div>\n\t\t\t\t\t<\/div>\n\t\t<\/section>\n\t\t\t\t<section class=\"elementor-section elementor-top-section elementor-element elementor-element-d2fcf1e elementor-section-boxed elementor-section-height-default elementor-section-height-default\" data-id=\"d2fcf1e\" data-element_type=\"section\" data-e-type=\"section\">\n\t\t\t\t\t\t<div class=\"elementor-container elementor-column-gap-default\">\n\t\t\t\t\t<div class=\"elementor-column elementor-col-100 elementor-top-column elementor-element elementor-element-102fa0b\" data-id=\"102fa0b\" data-element_type=\"column\" data-e-type=\"column\">\n\t\t\t<div class=\"elementor-widget-wrap elementor-element-populated\">\n\t\t\t\t\t\t<div class=\"elementor-element elementor-element-f385a2f elementor-widget elementor-widget-text-editor\" data-id=\"f385a2f\" data-element_type=\"widget\" data-e-type=\"widget\" data-widget_type=\"text-editor.default\">\n\t\t\t\t<div class=\"elementor-widget-container\">\n\t\t\t\t\t\t\t\t\t<p><strong>The gymnasiale Oberstufe in NRW offers students the opportunity to gain an in-depth general education, but also to develop their personal skills and inclinations through their individual choice of subjects and to prepare for their future careers.It is divided into a one-year introductory phase (EF) and a two-year qualification phase (Q1 and Q2).<\/strong><\/p>\t\t\t\t\t\t\t\t<\/div>\n\t\t\t\t<\/div>\n\t\t\t\t\t<\/div>\n\t\t<\/div>\n\t\t\t\t\t<\/div>\n\t\t<\/section>\n\t\t\t\t<section class=\"elementor-section elementor-top-section elementor-element elementor-element-0972e86 elementor-section-boxed elementor-section-height-default elementor-section-height-default\" data-id=\"0972e86\" data-element_type=\"section\" data-e-type=\"section\">\n\t\t\t\t\t\t<div class=\"elementor-container elementor-column-gap-default\">\n\t\t\t\t\t<div class=\"elementor-column elementor-col-50 elementor-top-column elementor-element elementor-element-6e7b78d\" data-id=\"6e7b78d\" data-element_type=\"column\" data-e-type=\"column\">\n\t\t\t<div class=\"elementor-widget-wrap elementor-element-populated\">\n\t\t\t\t\t\t<div class=\"elementor-element elementor-element-50f4efd elementor-widget elementor-widget-text-editor\" data-id=\"50f4efd\" data-element_type=\"widget\" data-e-type=\"widget\" data-widget_type=\"text-editor.default\">\n\t\t\t\t<div class=\"elementor-widget-container\">\n\t\t\t\t\t\t\t\t\t<p>In the introductory phase, the knowledge acquired in the lower secondary level is deepened and expanded. Lessons no longer take place in class, but are replaced by a course system. Here we offer students the following subjects, some of which are compulsory and others can be chosen according to individual preferences.<\/p><p>We offer Spanish as a new foreign language. In addition, so-called specialization courses are available in mathematics, English and German. They serve to provide individual support at all performance levels.<\/p><p>In cooperation with the Federal Employment Agency, we once again offer numerous career and study guidance opportunities in the upper school, such as a weekly consultation hour with the careers advisor from the Federal Employment Agency, project days that build on each other to help students find and apply for careers in the individual year groups, the annual careers fair on Humanitarian Day and much more. The work placement takes place in the last two weeks of the first semester of the introductory phase.\u00a0<\/p>\t\t\t\t\t\t\t\t<\/div>\n\t\t\t\t<\/div>\n\t\t\t\t\t<\/div>\n\t\t<\/div>\n\t\t\t\t<div class=\"elementor-column elementor-col-50 elementor-top-column elementor-element elementor-element-42b6dfb\" data-id=\"42b6dfb\" data-element_type=\"column\" data-e-type=\"column\" data-settings=\"{&quot;background_background&quot;:&quot;classic&quot;}\">\n\t\t\t<div class=\"elementor-widget-wrap elementor-element-populated\">\n\t\t\t\t\t\t<div class=\"elementor-element elementor-element-a61b0ba elementor-widget elementor-widget-image\" data-id=\"a61b0ba\" data-element_type=\"widget\" data-e-type=\"widget\" data-widget_type=\"image.default\">\n\t\t\t\t<div class=\"elementor-widget-container\">\n\t\t\t\t\t\t\t\t\t<div class=\"elementor-image\">\n\t\t\t\t\t\t\t\t\t\t\t\t\t\t\t\t\t\t\t\t\t<img fetchpriority=\"high\" decoding=\"async\" width=\"1024\" height=\"768\" src=\"https:\/\/carl-humann.de\/wp-content\/uploads\/2024\/03\/IMG_8217-scaled-1-1024x768.jpg\" class=\"attachment-large size-large wp-image-1005412\" alt=\"\" srcset=\"https:\/\/carl-humann.de\/wp-content\/uploads\/2024\/03\/IMG_8217-scaled-1-1024x768.jpg 1024w, https:\/\/carl-humann.de\/wp-content\/uploads\/2024\/03\/IMG_8217-scaled-1-300x225.jpg 300w, https:\/\/carl-humann.de\/wp-content\/uploads\/2024\/03\/IMG_8217-scaled-1-768x576.jpg 768w, https:\/\/carl-humann.de\/wp-content\/uploads\/2024\/03\/IMG_8217-scaled-1-1536x1152.jpg 1536w, https:\/\/carl-humann.de\/wp-content\/uploads\/2024\/03\/IMG_8217-scaled-1-2048x1536.jpg 2048w\" sizes=\"(max-width: 1024px) 100vw, 1024px\" \/>\t\t\t\t\t\t\t\t\t\t\t\t\t\t\t\t\t\t\t\t\t\t\t\t<\/div>\n\t\t\t\t\t\t\t\t<\/div>\n\t\t\t\t<\/div>\n\t\t\t\t\t<\/div>\n\t\t<\/div>\n\t\t\t\t\t<\/div>\n\t\t<\/section>\n\t\t\t\t<section class=\"elementor-section elementor-top-section elementor-element elementor-element-208ea7d elementor-section-boxed elementor-section-height-default elementor-section-height-default\" data-id=\"208ea7d\" data-element_type=\"section\" data-e-type=\"section\">\n\t\t\t\t\t\t<div class=\"elementor-container elementor-column-gap-default\">\n\t\t\t\t\t<div class=\"elementor-column elementor-col-100 elementor-top-column elementor-element elementor-element-efd5319\" data-id=\"efd5319\" data-element_type=\"column\" data-e-type=\"column\">\n\t\t\t<div class=\"elementor-widget-wrap elementor-element-populated\">\n\t\t\t\t\t\t<div class=\"elementor-element elementor-element-b6ee17a elementor-widget elementor-widget-text-editor\" data-id=\"b6ee17a\" data-element_type=\"widget\" data-e-type=\"widget\" data-widget_type=\"text-editor.default\">\n\t\t\t\t<div class=\"elementor-widget-container\">\n\t\t\t\t\t\t\t\t\t<p>In the <strong>qualification phase<\/strong>, students take two advanced courses, which are taught for five hours, and basic courses in the various subjects of the three subject areas. These are taught for three hours. They differ in the scope of the topics, the intensity of their treatment and the degree of methodological and scientific development.\u00a0<\/p><p>In order to be able to offer the broadest and most varied range of <strong>advanced courses<\/strong> from all three subject areas, we cooperate with our neighboring school, Gymnasium an der Wolfskuhle, and are therefore in the fortunate position of being able to offer advanced courses in the following subjects on a regular basis in recent years, in line with the choices of our students: German, English, art, education (educational science), history, social sciences, mathematics, biology, computer science and physics.\u00a0<\/p><p>As many compulsory courses have to be taken into account in the sixth form in order to meet all the requirements for admission to the Abitur, students are supported in all choices by our sixth form team. The advisory teachers accompany the students from the time of the first elections for the introductory phase until the end of the Abitur examination, review all elective decisions and provide advice and support.<\/p><p><span style=\"letter-spacing: var(--vamtam-primary-font-letter-spacing-desktop,normal); text-transform: var(--vamtam-primary-font-transform,none); text-decoration: var(--vamtam-primary-font-decoration,none);\">In the second semester of the qualification phase (Q1.2), students write a <strong>term paper<\/strong> in a subject of their choice instead of a written exam. This is an extensive term paper that must be written independently. The aim of this paper is to produce an exemplary piece of academic work. This includes searching for topics and materials, planning the work, organizing and evaluating the materials and writing the text. The students are supported in this by their subject teachers. We also work with one of our <strong>cooperation partners<\/strong> at Ruhr University Bochum, who train the students in information literacy as part of a workshop.\u00a0<\/span><\/p><p>Our <strong>project courses<\/strong> also start in the second semester of the qualification phase. In terms of their subject focus, they are linked to the subjects taught in the qualification phase, but students can set their own framework topic without being bound to the content requirements of the curriculum. Individually or in teams, students then devote themselves to individual projects, which they research, plan, develop and present largely freely and independently. This allows them to work intensively and independently on a topic. A computer science project course on AI (artificial intelligence) and an art\/social science project course on Europe are regularly offered.\u00a0<\/p><p>There are also courses to prepare for the CAE (Cambridge Certificate in Advanced English) and DELF B2 (Dipl\u00f4me d&#8217;\u00e9tudes en langue fran\u00e7aise) language certificates. These certificates entitle students to study at many English and French-speaking universities.<\/p><p>Course trips<\/p><p>In the final school year, all students go on a study trip with one of their advanced courses to destinations related to the content of the course, e.g. Berlin, London or Vienna. The course trips are extremely popular as final school trips and ensure a deeper connection with their group and the school.<\/p><p>Crash course<\/p><p>In the EF, the police visit us and organize the CrashKursNRW. This is a traffic accident prevention program that aims to sustainably reduce the number of traffic accidents by means of emotional reports from victims and vivid images.<\/p><p><b>The Abitur (general higher education entrance qualification)\u00a0<\/b><\/p><p>At the end of the qualification phase, students take their Abitur examination, which consists of three written examinations (in the two advanced course subjects and one basic course subject) and an oral examination in another basic course subject. The grades achieved are included in the overall grade together with the grades from the entire qualification phase and form the average Abitur grade at a ratio of 1:2. In addition to the Abitur, a further qualification can be achieved in the upper school: the academic part of the Fachhochschulreife.<\/p>\t\t\t\t\t\t\t\t<\/div>\n\t\t\t\t<\/div>\n\t\t\t\t\t<\/div>\n\t\t<\/div>\n\t\t\t\t\t<\/div>\n\t\t<\/section>\n\t\t\t\t<section class=\"elementor-section elementor-top-section elementor-element elementor-element-8e01725 elementor-section-boxed elementor-section-height-default elementor-section-height-default\" data-id=\"8e01725\" data-element_type=\"section\" data-e-type=\"section\">\n\t\t\t\t\t\t<div class=\"elementor-container elementor-column-gap-default\">\n\t\t\t\t\t<div class=\"elementor-column elementor-col-100 elementor-top-column elementor-element elementor-element-79de141\" data-id=\"79de141\" data-element_type=\"column\" data-e-type=\"column\">\n\t\t\t<div class=\"elementor-widget-wrap elementor-element-populated\">\n\t\t\t\t\t\t<div class=\"elementor-element elementor-element-b0256df elementor-widget elementor-widget-spacer\" data-id=\"b0256df\" data-element_type=\"widget\" data-e-type=\"widget\" data-widget_type=\"spacer.default\">\n\t\t\t\t<div class=\"elementor-widget-container\">\n\t\t\t\t\t\t\t<div class=\"elementor-spacer\">\n\t\t\t<div class=\"elementor-spacer-inner\"><\/div>\n\t\t<\/div>\n\t\t\t\t\t\t<\/div>\n\t\t\t\t<\/div>\n\t\t\t\t\t<\/div>\n\t\t<\/div>\n\t\t\t\t\t<\/div>\n\t\t<\/section>\n\t\t\t\t<section class=\"elementor-section elementor-top-section elementor-element elementor-element-d800985 elementor-section-boxed elementor-section-height-default elementor-section-height-default\" data-id=\"d800985\" data-element_type=\"section\" data-e-type=\"section\" data-settings=\"{&quot;background_background&quot;:&quot;classic&quot;}\">\n\t\t\t\t\t\t<div class=\"elementor-container elementor-column-gap-default\">\n\t\t\t\t\t<div class=\"elementor-column elementor-col-100 elementor-top-column elementor-element elementor-element-4ac0233\" data-id=\"4ac0233\" data-element_type=\"column\" data-e-type=\"column\">\n\t\t\t<div class=\"elementor-widget-wrap elementor-element-populated\">\n\t\t\t\t\t\t<div class=\"elementor-element elementor-element-604071f elementor-widget elementor-widget-spacer\" data-id=\"604071f\" data-element_type=\"widget\" data-e-type=\"widget\" data-widget_type=\"spacer.default\">\n\t\t\t\t<div class=\"elementor-widget-container\">\n\t\t\t\t\t\t\t<div class=\"elementor-spacer\">\n\t\t\t<div class=\"elementor-spacer-inner\"><\/div>\n\t\t<\/div>\n\t\t\t\t\t\t<\/div>\n\t\t\t\t<\/div>\n\t\t\t\t\t<\/div>\n\t\t<\/div>\n\t\t\t\t\t<\/div>\n\t\t<\/section>\n\t\t\t\t<\/div>\n\t\t","protected":false},"excerpt":{"rendered":"<p>The gymnasiale Oberstufe in NRW offers students the opportunity to gain an in-depth general education, but also to develop their personal skills and inclinations through their individual choice of subjects and to prepare for their future careers.It is divided into a one-year introductory phase (EF) and a two-year qualification phase (Q1 and Q2). In the&#8230;<\/p>\n","protected":false},"author":5,"featured_media":0,"parent":0,"menu_order":0,"comment_status":"closed","ping_status":"closed","template":"","meta":{"inline_featured_image":false,"footnotes":""},"class_list":["post-1005889","page","type-page","status-publish","hentry"],"yoast_head":"<!-- This site is optimized with the Yoast SEO plugin v27.3 - https:\/\/yoast.com\/product\/yoast-seo-wordpress\/ -->\n<title>Upper school - Carl-Humann-Gymnasium Essen<\/title>\n<meta name=\"robots\" content=\"index, follow, max-snippet:-1, max-image-preview:large, max-video-preview:-1\" \/>\n<link rel=\"canonical\" href=\"https:\/\/carl-humann.de\/en\/upper-school\/\" \/>\n<meta property=\"og:locale\" content=\"en_US\" \/>\n<meta property=\"og:type\" content=\"article\" \/>\n<meta property=\"og:title\" content=\"Upper school - Carl-Humann-Gymnasium Essen\" \/>\n<meta property=\"og:description\" content=\"The gymnasiale Oberstufe in NRW offers students the opportunity to gain an in-depth general education, but also to develop their personal skills and inclinations through their individual choice of subjects and to prepare for their future careers.It is divided into a one-year introductory phase (EF) and a two-year qualification phase (Q1 and Q2). In the...\" \/>\n<meta property=\"og:url\" content=\"https:\/\/carl-humann.de\/en\/upper-school\/\" \/>\n<meta property=\"og:site_name\" content=\"Carl-Humann-Gymnasium Essen\" \/>\n<meta property=\"article:modified_time\" content=\"2024-10-04T11:54:45+00:00\" \/>\n<meta property=\"og:image\" content=\"https:\/\/carl-humann.de\/wp-content\/uploads\/2024\/03\/IMG_8217-scaled-1-1024x768.jpg\" \/>\n<meta name=\"twitter:card\" content=\"summary_large_image\" \/>\n<meta name=\"twitter:label1\" content=\"Est. reading time\" \/>\n\t<meta name=\"twitter:data1\" content=\"5 minutes\" \/>\n<script type=\"application\/ld+json\" class=\"yoast-schema-graph\">{\"@context\":\"https:\\\/\\\/schema.org\",\"@graph\":[{\"@type\":\"WebPage\",\"@id\":\"https:\\\/\\\/carl-humann.de\\\/en\\\/upper-school\\\/\",\"url\":\"https:\\\/\\\/carl-humann.de\\\/en\\\/upper-school\\\/\",\"name\":\"Upper school - Carl-Humann-Gymnasium Essen\",\"isPartOf\":{\"@id\":\"https:\\\/\\\/carl-humann.de\\\/#website\"},\"primaryImageOfPage\":{\"@id\":\"https:\\\/\\\/carl-humann.de\\\/en\\\/upper-school\\\/#primaryimage\"},\"image\":{\"@id\":\"https:\\\/\\\/carl-humann.de\\\/en\\\/upper-school\\\/#primaryimage\"},\"thumbnailUrl\":\"https:\\\/\\\/carl-humann.de\\\/wp-content\\\/uploads\\\/2024\\\/03\\\/IMG_8217-scaled-1-1024x768.jpg\",\"datePublished\":\"2022-03-21T20:44:03+00:00\",\"dateModified\":\"2024-10-04T11:54:45+00:00\",\"breadcrumb\":{\"@id\":\"https:\\\/\\\/carl-humann.de\\\/en\\\/upper-school\\\/#breadcrumb\"},\"inLanguage\":\"en-US\",\"potentialAction\":[{\"@type\":\"ReadAction\",\"target\":[\"https:\\\/\\\/carl-humann.de\\\/en\\\/upper-school\\\/\"]}]},{\"@type\":\"ImageObject\",\"inLanguage\":\"en-US\",\"@id\":\"https:\\\/\\\/carl-humann.de\\\/en\\\/upper-school\\\/#primaryimage\",\"url\":\"https:\\\/\\\/carl-humann.de\\\/wp-content\\\/uploads\\\/2024\\\/03\\\/IMG_8217-scaled-1-1024x768.jpg\",\"contentUrl\":\"https:\\\/\\\/carl-humann.de\\\/wp-content\\\/uploads\\\/2024\\\/03\\\/IMG_8217-scaled-1-1024x768.jpg\"},{\"@type\":\"BreadcrumbList\",\"@id\":\"https:\\\/\\\/carl-humann.de\\\/en\\\/upper-school\\\/#breadcrumb\",\"itemListElement\":[{\"@type\":\"ListItem\",\"position\":1,\"name\":\"Startseite\",\"item\":\"https:\\\/\\\/carl-humann.de\\\/\"},{\"@type\":\"ListItem\",\"position\":2,\"name\":\"Upper school\"}]},{\"@type\":\"WebSite\",\"@id\":\"https:\\\/\\\/carl-humann.de\\\/#website\",\"url\":\"https:\\\/\\\/carl-humann.de\\\/\",\"name\":\"Carl-Humann-Gymnasium Essen\",\"description\":\"\",\"publisher\":{\"@id\":\"https:\\\/\\\/carl-humann.de\\\/#organization\"},\"potentialAction\":[{\"@type\":\"SearchAction\",\"target\":{\"@type\":\"EntryPoint\",\"urlTemplate\":\"https:\\\/\\\/carl-humann.de\\\/?s={search_term_string}\"},\"query-input\":{\"@type\":\"PropertyValueSpecification\",\"valueRequired\":true,\"valueName\":\"search_term_string\"}}],\"inLanguage\":\"en-US\"},{\"@type\":\"Organization\",\"@id\":\"https:\\\/\\\/carl-humann.de\\\/#organization\",\"name\":\"Carl-Humann-Gymnasium Essen\",\"url\":\"https:\\\/\\\/carl-humann.de\\\/\",\"logo\":{\"@type\":\"ImageObject\",\"inLanguage\":\"en-US\",\"@id\":\"https:\\\/\\\/carl-humann.de\\\/#\\\/schema\\\/logo\\\/image\\\/\",\"url\":\"https:\\\/\\\/carl-humann.de\\\/wp-content\\\/uploads\\\/2021\\\/09\\\/Logo_1c_222x85mm-1.png\",\"contentUrl\":\"https:\\\/\\\/carl-humann.de\\\/wp-content\\\/uploads\\\/2021\\\/09\\\/Logo_1c_222x85mm-1.png\",\"width\":2622,\"height\":1004,\"caption\":\"Carl-Humann-Gymnasium Essen\"},\"image\":{\"@id\":\"https:\\\/\\\/carl-humann.de\\\/#\\\/schema\\\/logo\\\/image\\\/\"}}]}<\/script>\n<!-- \/ Yoast SEO plugin. -->","yoast_head_json":{"title":"Upper school - Carl-Humann-Gymnasium Essen","robots":{"index":"index","follow":"follow","max-snippet":"max-snippet:-1","max-image-preview":"max-image-preview:large","max-video-preview":"max-video-preview:-1"},"canonical":"https:\/\/carl-humann.de\/en\/upper-school\/","og_locale":"en_US","og_type":"article","og_title":"Upper school - Carl-Humann-Gymnasium Essen","og_description":"The gymnasiale Oberstufe in NRW offers students the opportunity to gain an in-depth general education, but also to develop their personal skills and inclinations through their individual choice of subjects and to prepare for their future careers.It is divided into a one-year introductory phase (EF) and a two-year qualification phase (Q1 and Q2). In the...","og_url":"https:\/\/carl-humann.de\/en\/upper-school\/","og_site_name":"Carl-Humann-Gymnasium Essen","article_modified_time":"2024-10-04T11:54:45+00:00","og_image":[{"url":"https:\/\/carl-humann.de\/wp-content\/uploads\/2024\/03\/IMG_8217-scaled-1-1024x768.jpg","type":"","width":"","height":""}],"twitter_card":"summary_large_image","twitter_misc":{"Est. reading time":"5 minutes"},"schema":{"@context":"https:\/\/schema.org","@graph":[{"@type":"WebPage","@id":"https:\/\/carl-humann.de\/en\/upper-school\/","url":"https:\/\/carl-humann.de\/en\/upper-school\/","name":"Upper school - Carl-Humann-Gymnasium Essen","isPartOf":{"@id":"https:\/\/carl-humann.de\/#website"},"primaryImageOfPage":{"@id":"https:\/\/carl-humann.de\/en\/upper-school\/#primaryimage"},"image":{"@id":"https:\/\/carl-humann.de\/en\/upper-school\/#primaryimage"},"thumbnailUrl":"https:\/\/carl-humann.de\/wp-content\/uploads\/2024\/03\/IMG_8217-scaled-1-1024x768.jpg","datePublished":"2022-03-21T20:44:03+00:00","dateModified":"2024-10-04T11:54:45+00:00","breadcrumb":{"@id":"https:\/\/carl-humann.de\/en\/upper-school\/#breadcrumb"},"inLanguage":"en-US","potentialAction":[{"@type":"ReadAction","target":["https:\/\/carl-humann.de\/en\/upper-school\/"]}]},{"@type":"ImageObject","inLanguage":"en-US","@id":"https:\/\/carl-humann.de\/en\/upper-school\/#primaryimage","url":"https:\/\/carl-humann.de\/wp-content\/uploads\/2024\/03\/IMG_8217-scaled-1-1024x768.jpg","contentUrl":"https:\/\/carl-humann.de\/wp-content\/uploads\/2024\/03\/IMG_8217-scaled-1-1024x768.jpg"},{"@type":"BreadcrumbList","@id":"https:\/\/carl-humann.de\/en\/upper-school\/#breadcrumb","itemListElement":[{"@type":"ListItem","position":1,"name":"Startseite","item":"https:\/\/carl-humann.de\/"},{"@type":"ListItem","position":2,"name":"Upper school"}]},{"@type":"WebSite","@id":"https:\/\/carl-humann.de\/#website","url":"https:\/\/carl-humann.de\/","name":"Carl-Humann-Gymnasium Essen","description":"","publisher":{"@id":"https:\/\/carl-humann.de\/#organization"},"potentialAction":[{"@type":"SearchAction","target":{"@type":"EntryPoint","urlTemplate":"https:\/\/carl-humann.de\/?s={search_term_string}"},"query-input":{"@type":"PropertyValueSpecification","valueRequired":true,"valueName":"search_term_string"}}],"inLanguage":"en-US"},{"@type":"Organization","@id":"https:\/\/carl-humann.de\/#organization","name":"Carl-Humann-Gymnasium Essen","url":"https:\/\/carl-humann.de\/","logo":{"@type":"ImageObject","inLanguage":"en-US","@id":"https:\/\/carl-humann.de\/#\/schema\/logo\/image\/","url":"https:\/\/carl-humann.de\/wp-content\/uploads\/2021\/09\/Logo_1c_222x85mm-1.png","contentUrl":"https:\/\/carl-humann.de\/wp-content\/uploads\/2021\/09\/Logo_1c_222x85mm-1.png","width":2622,"height":1004,"caption":"Carl-Humann-Gymnasium Essen"},"image":{"@id":"https:\/\/carl-humann.de\/#\/schema\/logo\/image\/"}}]}},"_links":{"self":[{"href":"https:\/\/carl-humann.de\/en\/wp-json\/wp\/v2\/pages\/1005889","targetHints":{"allow":["GET"]}}],"collection":[{"href":"https:\/\/carl-humann.de\/en\/wp-json\/wp\/v2\/pages"}],"about":[{"href":"https:\/\/carl-humann.de\/en\/wp-json\/wp\/v2\/types\/page"}],"author":[{"embeddable":true,"href":"https:\/\/carl-humann.de\/en\/wp-json\/wp\/v2\/users\/5"}],"replies":[{"embeddable":true,"href":"https:\/\/carl-humann.de\/en\/wp-json\/wp\/v2\/comments?post=1005889"}],"version-history":[{"count":11,"href":"https:\/\/carl-humann.de\/en\/wp-json\/wp\/v2\/pages\/1005889\/revisions"}],"predecessor-version":[{"id":1007888,"href":"https:\/\/carl-humann.de\/en\/wp-json\/wp\/v2\/pages\/1005889\/revisions\/1007888"}],"wp:attachment":[{"href":"https:\/\/carl-humann.de\/en\/wp-json\/wp\/v2\/media?parent=1005889"}],"curies":[{"name":"wp","href":"https:\/\/api.w.org\/{rel}","templated":true}]}}